{"id":1227,"date":"2018-09-06T21:54:33","date_gmt":"2018-09-06T19:54:33","guid":{"rendered":"http:\/\/klausboegel.de\/?page_id=1227"},"modified":"2019-02-08T21:13:39","modified_gmt":"2019-02-08T20:13:39","slug":"vita","status":"publish","type":"page","link":"https:\/\/klausboegel.de\/en\/vita\/","title":{"rendered":"Vita"},"content":{"rendered":"<h2>Vita<\/h2>\n<p><strong>Biography<\/strong><\/p>\n<ul>\n<li>Born 1948 in M\u00fclheim-Ruhr; lives and works in Geldern, Germany<\/li>\n<li>1969-1974 Studied art and art history at the Staatliche Kunstakademie D\u00fcsseldorf (D\u00fcsseldorf State Art Academy)<\/li>\n<li>1973 Master student K.O.G\u00f6tz\n<li>1975-1977 Scholarship D.A.A.D. Netherlands<\/li>\n<li>1977 Scholarship &#8216;Ministerie voor Cultuur&#8217; Project: &#8216;Body language for schizophrenics&#8217;.<\/li>\n<li>From 1977 freelance artist, art therapist psychiatric clinic Endegeest, lecturer Hogeschool Utrecht, lecturer Hogeschool voor de Kunsten Arnhem, Institute for applied integral psychology, seminars, workshops<\/li>\n<li>1975-1984 Collaboration with Heiner Holtappels: performances, video works, installations in the Netherlands, Belgium, Germany, Sweden, USA, Russia, China, Finland, Finland<\/li>\n<li>Since 1998 collaboration with Louis Spoelstra: &#8216;Web-Art&#8217; projects, video works, installations<\/li>\n<\/ul>\n<p><strong>Publications, Selection<\/strong><\/p>\n<ul>\n<li>&#8220;Untersuchungen&#8221;, 1980 in collaboration with Heiner Holtappels, The Hague, NL.<\/li>\n<li>&#8220;Tigermann&#8221;, 1980, The Hague, NL, &#8220;Infermental&#8221;, international video magazines, 1984, Amsterdam, NL.<\/li>\n<li>&#8220;Art &#038; Therapy, 1983, Phaedon, Amersfoort, NL.<\/li>\n<li>&#8220;De magnetische Tijd\u201c, 2003, Montevideo, Amsterdam, NL.<\/li>\n<li>&#8220;30 years of Dutch Videoart&#8221;, travelling exposition 7 cities of Russia<\/li>\n<li>&#8220;A short history of Dutch Video Art&#8221;, Gate Foundation, Amsterdam, NL<\/li>\n<li>Since 1977 articles in international journals, lectures and workshops in Italy, the Netherlands, England and Germany.<\/li>\n<li>1988 In: Fundamentals Of Art Therapy, Shaun McNiff, Charles C Thomas, USA.<\/li>\n<li>I992 In: &#8220;Kunst und Therapie&#8221; Volume 2, Study for the Federal Ministry for Education + Arts, Elizabeth McGlynn\/Barbara Putz-Plecko, Vienna, A.<\/li>\n<li>2013 &#8220;Die letzte Butterfahrt&#8221;, Dutch\/German art project, catalogue, NL-D.<\/li>\n<\/ul>\n<p><strong>Websites<\/strong><\/p>\n<ul>\n<li>2000 www.lifeside.nl, Web-art-project in collaboration with Louis Spoelstra<\/li>\n<li>2004 www.lifeside\/dreamline.nl, Internet project &#8220;DRMLNE&#8221;, in collaboration with Louis Spoelstra<\/li>\n<li>2005 www.kunstmedizin.com, art medicine project<\/li>\n<\/ul>\n","protected":false},"excerpt":{"rendered":"<p>Vita Biography Born 1948 in M\u00fclheim-Ruhr; lives and works in Geldern, Germany 1969-1974 Studied art and art history at the Staatliche Kunstakademie D\u00fcsseldorf (D\u00fcsseldorf State Art Academy) 1973 Master student K.O.G\u00f6tz 1975-1977 Scholarship D.A.A.D. Netherlands 1977 Scholarship &#8216;Ministerie voor Cultuur&#8217; Project: &#8216;Body language for schizophrenics&#8217;. From 1977 freelance artist, art therapist psychiatric clinic Endegeest, lecturer [&hellip;]<\/p>\n","protected":false},"author":1,"featured_media":0,"parent":0,"menu_order":0,"comment_status":"closed","ping_status":"closed","template":"page-templates\/page-full-width.php","meta":{"_acf_changed":false,"footnotes":""},"class_list":["post-1227","page","type-page","status-publish","hentry"],"acf":[],"_links":{"self":[{"href":"https:\/\/klausboegel.de\/en\/wp-json\/wp\/v2\/pages\/1227","targetHints":{"allow":["GET"]}}],"collection":[{"href":"https:\/\/klausboegel.de\/en\/wp-json\/wp\/v2\/pages"}],"about":[{"href":"https:\/\/klausboegel.de\/en\/wp-json\/wp\/v2\/types\/page"}],"author":[{"embeddable":true,"href":"https:\/\/klausboegel.de\/en\/wp-json\/wp\/v2\/users\/1"}],"replies":[{"embeddable":true,"href":"https:\/\/klausboegel.de\/en\/wp-json\/wp\/v2\/comments?post=1227"}],"version-history":[{"count":8,"href":"https:\/\/klausboegel.de\/en\/wp-json\/wp\/v2\/pages\/1227\/revisions"}],"predecessor-version":[{"id":1534,"href":"https:\/\/klausboegel.de\/en\/wp-json\/wp\/v2\/pages\/1227\/revisions\/1534"}],"wp:attachment":[{"href":"https:\/\/klausboegel.de\/en\/wp-json\/wp\/v2\/media?parent=1227"}],"curies":[{"name":"wp","href":"https:\/\/api.w.org\/{rel}","templated":true}]}}